{"id":41,"date":"2021-04-23T07:50:09","date_gmt":"2021-04-23T05:50:09","guid":{"rendered":"https:\/\/servicio-tecnico-autorizado.pro\/tarragona\/?page_id=41"},"modified":"2021-05-07T11:55:36","modified_gmt":"2021-05-07T09:55:36","slug":"inicio","status":"publish","type":"page","link":"https:\/\/servicio-tecnico-autorizado.pro\/tarragona\/","title":{"rendered":"Inicio"},"content":{"rendered":"<p>[et_pb_section fb_built=\u00bb1&#8243; _builder_version=\u00bb4.9.4&#8243; _module_preset=\u00bbdefault\u00bb background_color=\u00bbrgba(221,224,255,0.39)\u00bb custom_padding=\u00bb3px||0px|||\u00bb][et_pb_row use_custom_gutter=\u00bbon\u00bb make_equal=\u00bbon\u00bb _builder_version=\u00bb4.9.4&#8243; _module_preset=\u00bbdefault\u00bb background_image=\u00bbhttps:\/\/servicio-tecnico-autorizado.pro\/tarragona\/wp-content\/uploads\/sites\/8\/2021\/04\/fondo1.png\u00bb width=\u00bb100%\u00bb max_width=\u00bb100%\u00bb module_alignment=\u00bbcenter\u00bb min_height=\u00bb100%\u00bb height=\u00bb100%\u00bb max_height=\u00bb100%\u00bb custom_margin=\u00bb||||false|false\u00bb custom_padding=\u00bb||0px||false|false\u00bb][et_pb_column type=\u00bb4_4&#8243; _builder_version=\u00bb4.9.4&#8243; _module_preset=\u00bbdefault\u00bb][et_pb_text _builder_version=\u00bb4.9.4&#8243; _module_preset=\u00bbdefault\u00bb text_font=\u00bbCandal||||||||\u00bb text_text_color=\u00bb#FFFFFF\u00bb text_font_size=\u00bb21px\u00bb header_text_align=\u00bbcenter\u00bb header_2_font=\u00bbCandal||||||||\u00bb header_2_text_color=\u00bb#FFFFFF\u00bb header_2_font_size=\u00bb30px\u00bb background_color=\u00bb#000168&#8243; max_width=\u00bb800px\u00bb module_alignment=\u00bbcenter\u00bb custom_margin=\u00bb150px|200px|200px||false|false\u00bb custom_padding=\u00bb20px||20px||false|false\u00bb border_radii=\u00bbon|5px|5px|5px|5px\u00bb box_shadow_style=\u00bbpreset5&#8243; box_shadow_horizontal=\u00bb-3px\u00bb box_shadow_blur=\u00bb15px\u00bb box_shadow_spread=\u00bb15px\u00bb]<\/p>\n<h2 style=\"text-align: center;\">Servicio T\u00e9cnico Autorizado Tarragona<\/h2>\n<p>[\/et_pb_text][\/et_pb_column][\/et_pb_row][et_pb_row column_structure=\u00bb1_4,1_4,1_4,1_4&#8243; use_custom_gutter=\u00bbon\u00bb _builder_version=\u00bb4.9.4&#8243; _module_preset=\u00bbdefault\u00bb background_color=\u00bbrgba(12,113,195,0.05)\u00bb width=\u00bb100%\u00bb max_width=\u00bb100%\u00bb][et_pb_column type=\u00bb1_4&#8243; _builder_version=\u00bb4.9.4&#8243; _module_preset=\u00bbdefault\u00bb][et_pb_text _builder_version=\u00bb4.9.4&#8243; _module_preset=\u00bbdefault\u00bb text_font=\u00bbCairo||||||||\u00bb text_font_size=\u00bb20px\u00bb header_2_font=\u00bbCairo|700|||||||\u00bb header_2_text_color=\u00bb#0C71C3&#8243; custom_margin=\u00bb|20px||20px|false|false\u00bb custom_padding=\u00bb20px|30px|20px|30px|false|false\u00bb border_radii=\u00bbon|5px|5px|5px|5px\u00bb box_shadow_style=\u00bbpreset1&#8243;]<\/p>\n<h2 style=\"text-align: center;\">GARANT\u00cdA EN NUESTRAS REPARACIONES<\/h2>\n<p style=\"text-align: center;\">Todas nuestras reparaciones est\u00e1n garantizadas.<\/p>\n<p>[\/et_pb_text][\/et_pb_column][et_pb_column type=\u00bb1_4&#8243; _builder_version=\u00bb4.9.4&#8243; _module_preset=\u00bbdefault\u00bb][et_pb_text _builder_version=\u00bb4.9.4&#8243; _module_preset=\u00bbdefault\u00bb text_font=\u00bbCairo||||||||\u00bb text_font_size=\u00bb20px\u00bb header_2_font=\u00bbCairo|700|||||||\u00bb header_2_text_color=\u00bb#0C71C3&#8243; custom_margin=\u00bb|20px||20px|false|false\u00bb custom_padding=\u00bb20px|30px|20px|30px|false|false\u00bb border_radii=\u00bbon|5px|5px|5px|5px\u00bb box_shadow_style=\u00bbpreset1&#8243;]<\/p>\n<h2 style=\"text-align: center;\">DESPLAZAMIENTO GRATUITO<\/h2>\n<p style=\"text-align: center;\">No se cobrar\u00e1 desplazamiento siempre y cuando el cliente acepte el presupuesto.<\/p>\n<p>[\/et_pb_text][\/et_pb_column][et_pb_column type=\u00bb1_4&#8243; _builder_version=\u00bb4.9.4&#8243; _module_preset=\u00bbdefault\u00bb][et_pb_text _builder_version=\u00bb4.9.4&#8243; _module_preset=\u00bbdefault\u00bb text_font=\u00bbCairo||||||||\u00bb text_font_size=\u00bb20px\u00bb header_2_font=\u00bbCairo|700|||||||\u00bb header_2_text_color=\u00bb#0C71C3&#8243; custom_margin=\u00bb|20px||20px|false|false\u00bb custom_padding=\u00bb20px|30px|20px|30px|false|false\u00bb border_radii=\u00bbon|5px|5px|5px|5px\u00bb box_shadow_style=\u00bbpreset1&#8243;]<\/p>\n<h2 style=\"text-align: center;\">PIEZAS 100% ORIGINALES<\/h2>\n<p style=\"text-align: center;\">Todas nuestras piezas son 100% originales del fabricante, con su sello de verificaci\u00f3n.<\/p>\n<p>[\/et_pb_text][\/et_pb_column][et_pb_column type=\u00bb1_4&#8243; _builder_version=\u00bb4.9.4&#8243; _module_preset=\u00bbdefault\u00bb][et_pb_text _builder_version=\u00bb4.9.4&#8243; _module_preset=\u00bbdefault\u00bb text_font=\u00bbCairo||||||||\u00bb text_font_size=\u00bb20px\u00bb header_2_font=\u00bbCairo|700|||||||\u00bb header_2_text_color=\u00bb#0C71C3&#8243; custom_margin=\u00bb|20px||20px|false|false\u00bb custom_padding=\u00bb20px|30px|20px|30px|false|false\u00bb border_radii=\u00bbon|5px|5px|5px|5px\u00bb box_shadow_style=\u00bbpreset1&#8243;]<\/p>\n<h2 style=\"text-align: center;\">CITA EN EL MISMO D\u00cdA<\/h2>\n<p style=\"text-align: center;\">Se le ofrece al cliente una cita inmediata con el t\u00e9cnico.<\/p>\n<p>[\/et_pb_text][\/et_pb_column][\/et_pb_row][et_pb_row use_custom_gutter=\u00bbon\u00bb _builder_version=\u00bb4.9.4&#8243; _module_preset=\u00bbdefault\u00bb width=\u00bb90%\u00bb locked=\u00bboff\u00bb][et_pb_column type=\u00bb4_4&#8243; _builder_version=\u00bb4.9.4&#8243; _module_preset=\u00bbdefault\u00bb][et_pb_slider show_arrows=\u00bboff\u00bb use_bg_overlay=\u00bbon\u00bb use_text_overlay=\u00bboff\u00bb _builder_version=\u00bb4.9.4&#8243; _module_preset=\u00bbdefault\u00bb custom_button=\u00bbon\u00bb button_text_size=\u00bb32px\u00bb button_font=\u00bbCairo||||||||\u00bb animation_style=\u00bbfade\u00bb animation_delay=\u00bb50ms\u00bb animation_starting_opacity=\u00bb2%\u00bb auto=\u00bbon\u00bb border_radii=\u00bbon|5px|5px|5px|5px\u00bb][et_pb_slide button_text=\u00bbCalentadores\u00bb button_link=\u00bb@ET-DC@eyJkeW5hbWljIjp0cnVlLCJjb250ZW50IjoicG9zdF9saW5rX3VybF9wYWdlIiwic2V0dGluZ3MiOnsicG9zdF9pZCI6IjIxNCJ9fQ==@\u00bb image=\u00bbhttps:\/\/servicio-tecnico-autorizado.pro\/tarragona\/wp-content\/uploads\/sites\/8\/2021\/04\/Depositphotos_9444319_xl-2015-scaled.jpg\u00bb _builder_version=\u00bb4.9.4&#8243; _dynamic_attributes=\u00bbbutton_link\u00bb _module_preset=\u00bbdefault\u00bb border_radii_image=\u00bbon|5px|5px|5px|5px\u00bb sticky_transition=\u00bbon\u00bb][\/et_pb_slide][et_pb_slide button_text=\u00bbCalderas\u00bb button_link=\u00bb@ET-DC@eyJkeW5hbWljIjp0cnVlLCJjb250ZW50IjoicG9zdF9saW5rX3VybF9wYWdlIiwic2V0dGluZ3MiOnsicG9zdF9pZCI6IjIzOCJ9fQ==@\u00bb url_new_window=\u00bbon\u00bb image=\u00bbhttps:\/\/servicio-tecnico-autorizado.pro\/tarragona\/wp-content\/uploads\/sites\/8\/2021\/04\/Depositphotos_33101405_xl-2015-scaled.jpg\u00bb _builder_version=\u00bb4.9.4&#8243; _dynamic_attributes=\u00bbbutton_link\u00bb _module_preset=\u00bbdefault\u00bb border_radii_image=\u00bbon|5px|5px|5px|5px\u00bb sticky_transition=\u00bbon\u00bb][\/et_pb_slide][et_pb_slide button_text=\u00bbTermos el\u00e9ctricos\u00bb button_link=\u00bb@ET-DC@eyJkeW5hbWljIjp0cnVlLCJjb250ZW50IjoicG9zdF9saW5rX3VybF9wYWdlIiwic2V0dGluZ3MiOnsicG9zdF9pZCI6IjI4MCJ9fQ==@\u00bb url_new_window=\u00bbon\u00bb image=\u00bbhttps:\/\/servicio-tecnico-autorizado.pro\/tarragona\/wp-content\/uploads\/sites\/8\/2021\/04\/165_RWxlY3RyaWMgV2F0ZXIgSGVhdGVyLmpwZw-scaled.jpg\u00bb _builder_version=\u00bb4.9.4&#8243; _dynamic_attributes=\u00bbbutton_link\u00bb _module_preset=\u00bbdefault\u00bb border_radii_image=\u00bbon|5px|5px|5px|5px\u00bb sticky_transition=\u00bbon\u00bb][\/et_pb_slide][et_pb_slide button_text=\u00bbLavadoras\u00bb button_link=\u00bb@ET-DC@eyJkeW5hbWljIjp0cnVlLCJjb250ZW50IjoicG9zdF9saW5rX3VybF9wYWdlIiwic2V0dGluZ3MiOnsicG9zdF9pZCI6IiJ9fQ==@\u00bb url_new_window=\u00bbon\u00bb image=\u00bbhttps:\/\/servicio-tecnico-autorizado.pro\/tarragona\/wp-content\/uploads\/sites\/8\/2021\/04\/Depositphotos_51380101_ds.jpg\u00bb _builder_version=\u00bb4.9.4&#8243; _dynamic_attributes=\u00bbbutton_link\u00bb _module_preset=\u00bbdefault\u00bb border_radii_image=\u00bbon|5px|5px|5px|5px\u00bb sticky_transition=\u00bbon\u00bb][\/et_pb_slide][et_pb_slide button_text=\u00bbSecadoras\u00bb button_link=\u00bb@ET-DC@eyJkeW5hbWljIjp0cnVlLCJjb250ZW50IjoicG9zdF9saW5rX3VybF9wYWdlIiwic2V0dGluZ3MiOnsicG9zdF9pZCI6IjI0NyJ9fQ==@\u00bb url_new_window=\u00bbon\u00bb image=\u00bbhttps:\/\/servicio-tecnico-autorizado.pro\/tarragona\/wp-content\/uploads\/sites\/8\/2021\/04\/Depositphotos_48364877_xl-2015-scaled.jpg\u00bb _builder_version=\u00bb4.9.4&#8243; _dynamic_attributes=\u00bbbutton_link\u00bb _module_preset=\u00bbdefault\u00bb border_radii_image=\u00bbon|5px|5px|5px|5px\u00bb sticky_transition=\u00bbon\u00bb][\/et_pb_slide][et_pb_slide button_text=\u00bbArcones\u00bb button_link=\u00bb@ET-DC@eyJkeW5hbWljIjp0cnVlLCJjb250ZW50IjoicG9zdF9saW5rX3VybF9wYWdlIiwic2V0dGluZ3MiOnsicG9zdF9pZCI6IjI0OCJ9fQ==@\u00bb url_new_window=\u00bbon\u00bb image=\u00bbhttps:\/\/servicio-tecnico-autorizado.pro\/tarragona\/wp-content\/uploads\/sites\/8\/2021\/04\/Depositphotos_248109364_xl-2015-scaled.jpg\u00bb _builder_version=\u00bb4.9.4&#8243; _dynamic_attributes=\u00bbbutton_link\u00bb _module_preset=\u00bbdefault\u00bb border_radii_image=\u00bbon|5px|5px|5px|5px\u00bb sticky_transition=\u00bbon\u00bb][\/et_pb_slide][et_pb_slide button_text=\u00bbFrigor\u00edficos\u00bb button_link=\u00bb@ET-DC@eyJkeW5hbWljIjp0cnVlLCJjb250ZW50IjoicG9zdF9saW5rX3VybF9wYWdlIiwic2V0dGluZ3MiOnsicG9zdF9pZCI6IjI0OSJ9fQ==@\u00bb url_new_window=\u00bbon\u00bb image=\u00bbhttps:\/\/servicio-tecnico-autorizado.pro\/tarragona\/wp-content\/uploads\/sites\/8\/2021\/04\/Depositphotos_242685140_xl-2015-scaled.jpg\u00bb _builder_version=\u00bb4.9.4&#8243; _dynamic_attributes=\u00bbbutton_link\u00bb _module_preset=\u00bbdefault\u00bb border_radii_image=\u00bbon|5px|5px|5px|5px\u00bb sticky_transition=\u00bbon\u00bb][\/et_pb_slide][et_pb_slide button_text=\u00bbVitrocer\u00e1micas\u00bb button_link=\u00bb@ET-DC@eyJkeW5hbWljIjp0cnVlLCJjb250ZW50IjoicG9zdF9saW5rX3VybF9wYWdlIiwic2V0dGluZ3MiOnsicG9zdF9pZCI6IjI1MCJ9fQ==@\u00bb url_new_window=\u00bbon\u00bb image=\u00bbhttps:\/\/servicio-tecnico-autorizado.pro\/tarragona\/wp-content\/uploads\/sites\/8\/2021\/04\/Modern-electric-stove-scaled.jpg\u00bb _builder_version=\u00bb4.9.4&#8243; _dynamic_attributes=\u00bbbutton_link\u00bb _module_preset=\u00bbdefault\u00bb border_radii_image=\u00bbon|5px|5px|5px|5px\u00bb sticky_transition=\u00bbon\u00bb][\/et_pb_slide][et_pb_slide button_text=\u00bbCampanas Extractoras\u00bb button_link=\u00bb@ET-DC@eyJkeW5hbWljIjp0cnVlLCJjb250ZW50IjoicG9zdF9saW5rX3VybF9wYWdlIiwic2V0dGluZ3MiOnsicG9zdF9pZCI6IjI4MyJ9fQ==@\u00bb url_new_window=\u00bbon\u00bb image=\u00bbhttps:\/\/servicio-tecnico-autorizado.pro\/tarragona\/wp-content\/uploads\/sites\/8\/2021\/04\/Depositphotos_376220810_xl-2015-scaled.jpg\u00bb _builder_version=\u00bb4.9.4&#8243; _dynamic_attributes=\u00bbbutton_link\u00bb _module_preset=\u00bbdefault\u00bb border_radii_image=\u00bbon|5px|5px|5px|5px\u00bb sticky_transition=\u00bbon\u00bb][\/et_pb_slide][et_pb_slide button_text=\u00bbHornos\u00bb button_link=\u00bb@ET-DC@eyJkeW5hbWljIjp0cnVlLCJjb250ZW50IjoicG9zdF9saW5rX3VybF9wYWdlIiwic2V0dGluZ3MiOnsicG9zdF9pZCI6IjMyMyJ9fQ==@\u00bb url_new_window=\u00bbon\u00bb image=\u00bbhttps:\/\/servicio-tecnico-autorizado.pro\/tarragona\/wp-content\/uploads\/sites\/8\/2021\/04\/Oven.jpg\u00bb _builder_version=\u00bb4.9.4&#8243; _dynamic_attributes=\u00bbbutton_link\u00bb _module_preset=\u00bbdefault\u00bb border_radii_image=\u00bbon|5px|5px|5px|5px\u00bb sticky_transition=\u00bbon\u00bb][\/et_pb_slide][et_pb_slide button_text=\u00bbClimatizaci\u00f3n\u00bb button_link=\u00bb@ET-DC@eyJkeW5hbWljIjp0cnVlLCJjb250ZW50IjoicG9zdF9saW5rX3VybF9wYWdlIiwic2V0dGluZ3MiOnsicG9zdF9pZCI6IjI4MiJ9fQ==@\u00bb url_new_window=\u00bbon\u00bb image=\u00bbhttps:\/\/servicio-tecnico-autorizado.pro\/tarragona\/wp-content\/uploads\/sites\/8\/2021\/04\/Depositphotos_380606474_xl-2015-scaled.jpg\u00bb _builder_version=\u00bb4.9.4&#8243; _dynamic_attributes=\u00bbbutton_link\u00bb _module_preset=\u00bbdefault\u00bb border_radii_image=\u00bbon|5px|5px|5px|5px\u00bb sticky_transition=\u00bbon\u00bb][\/et_pb_slide][et_pb_slide button_text=\u00bbAire Acondicionado\u00bb button_link=\u00bb@ET-DC@eyJkeW5hbWljIjp0cnVlLCJjb250ZW50IjoicG9zdF9saW5rX3VybF9wYWdlIiwic2V0dGluZ3MiOnsicG9zdF9pZCI6IjI4MSJ9fQ==@\u00bb url_new_window=\u00bbon\u00bb image=\u00bbhttps:\/\/servicio-tecnico-autorizado.pro\/tarragona\/wp-content\/uploads\/sites\/8\/2021\/04\/Depositphotos_392760854_xl-2015-scaled.jpg\u00bb _builder_version=\u00bb4.9.4&#8243; _dynamic_attributes=\u00bbbutton_link\u00bb _module_preset=\u00bbdefault\u00bb border_radii_image=\u00bbon|5px|5px|5px|5px\u00bb sticky_transition=\u00bbon\u00bb][\/et_pb_slide][et_pb_slide button_text=\u00bbLavavajillas\u00bb button_link=\u00bb@ET-DC@eyJkeW5hbWljIjp0cnVlLCJjb250ZW50IjoicG9zdF9saW5rX3VybF9wYWdlIiwic2V0dGluZ3MiOnsicG9zdF9pZCI6IjI0NiJ9fQ==@\u00bb url_new_window=\u00bbon\u00bb image=\u00bbhttps:\/\/servicio-tecnico-autorizado.pro\/tarragona\/wp-content\/uploads\/sites\/8\/2021\/04\/Depositphotos_12268918_xl-2015-scaled.jpg\u00bb _builder_version=\u00bb4.9.4&#8243; _dynamic_attributes=\u00bbbutton_link\u00bb _module_preset=\u00bbdefault\u00bb border_radii_image=\u00bbon|5px|5px|5px|5px\u00bb sticky_transition=\u00bbon\u00bb][\/et_pb_slide][\/et_pb_slider][\/et_pb_column][\/et_pb_row][et_pb_row column_structure=\u00bb3_5,2_5&#8243; _builder_version=\u00bb4.9.4&#8243; _module_preset=\u00bbdefault\u00bb][et_pb_column type=\u00bb3_5&#8243; _builder_version=\u00bb4.9.4&#8243; _module_preset=\u00bbdefault\u00bb][et_pb_text _builder_version=\u00bb4.9.4&#8243; _module_preset=\u00bbdefault\u00bb text_font=\u00bbCairo||||||||\u00bb text_font_size=\u00bb20px\u00bb header_2_font=\u00bbCandal||||||||\u00bb header_2_text_color=\u00bb#0C71C3&#8243; header_2_font_size=\u00bb30px\u00bb]<\/p>\n<h2>SERVICIO T\u00c9CNICO EN TARRAGONA<\/h2>\n<p>&nbsp;<\/p>\n<p>Nuestro servicio t\u00e9cnico es especialista en reparaci\u00f3n, mantenimientos y revisi\u00f3n de electrodom\u00e9sticos, climatizaci\u00f3n, calderas y termos de las primeras marcas en Espa\u00f1a.<\/p>\n<p>Contamos con un personal altamente cualificado y especialistas en cada secci\u00f3n de reparaci\u00f3n, dispuestos a ofrecer al cliente la mejor garant\u00eda y profesionalidad.<\/p>\n<p>&nbsp;<\/p>\n<p>[\/et_pb_text][\/et_pb_column][et_pb_column type=\u00bb2_5&#8243; _builder_version=\u00bb4.9.4&#8243; _module_preset=\u00bbdefault\u00bb][et_pb_image src=\u00bbhttps:\/\/servicio-tecnico-autorizado.pro\/tarragona\/wp-content\/uploads\/sites\/8\/2021\/04\/Depositphotos_191874840_xl-2015-scaled.jpg\u00bb title_text=\u00bbHappy team of responsible movers and their smiling leader.\u00bb _builder_version=\u00bb4.9.4&#8243; _module_preset=\u00bbdefault\u00bb max_width=\u00bb100%\u00bb module_alignment=\u00bbcenter\u00bb border_radii=\u00bbon|5px|5px|5px|5px\u00bb box_shadow_style=\u00bbpreset1&#8243;][\/et_pb_image][\/et_pb_column][\/et_pb_row][\/et_pb_section][et_pb_section fb_built=\u00bb1&#8243; _builder_version=\u00bb4.9.4&#8243; _module_preset=\u00bbdefault\u00bb background_color=\u00bbrgba(165,214,247,0.33)\u00bb custom_padding=\u00bb9px|||||\u00bb][et_pb_row use_custom_gutter=\u00bbon\u00bb _builder_version=\u00bb4.9.4&#8243; _module_preset=\u00bbdefault\u00bb width=\u00bb100%\u00bb max_width=\u00bb100%\u00bb][et_pb_column type=\u00bb4_4&#8243; _builder_version=\u00bb4.9.4&#8243; _module_preset=\u00bbdefault\u00bb][et_pb_text _builder_version=\u00bb4.9.4&#8243; _module_preset=\u00bbdefault\u00bb header_2_font=\u00bbCandal||||||||\u00bb header_2_text_align=\u00bbcenter\u00bb header_2_text_color=\u00bb#0C71C3&#8243; header_2_font_size=\u00bb30px\u00bb]<\/p>\n<h2>FORMULARIO DE CONTACTO<\/h2>\n<p>[\/et_pb_text][\/et_pb_column][\/et_pb_row][et_pb_row column_structure=\u00bb2_5,3_5&#8243; use_custom_gutter=\u00bbon\u00bb _builder_version=\u00bb4.9.4&#8243; _module_preset=\u00bbdefault\u00bb width=\u00bb100%\u00bb max_width=\u00bb100%\u00bb][et_pb_column type=\u00bb2_5&#8243; _builder_version=\u00bb4.9.4&#8243; _module_preset=\u00bbdefault\u00bb][et_pb_image src=\u00bbhttps:\/\/servicio-tecnico-autorizado.pro\/tarragona\/wp-content\/uploads\/sites\/8\/2021\/04\/Depositphotos_80379264_xl-2015-scaled.jpg\u00bb _builder_version=\u00bb4.9.4&#8243; _module_preset=\u00bbdefault\u00bb width=\u00bb120%\u00bb module_alignment=\u00bbcenter\u00bb custom_margin=\u00bb|300px|||false|false\u00bb border_radii=\u00bbon|5px|5px|5px|5px\u00bb box_shadow_style=\u00bbpreset1&#8243;][\/et_pb_image][\/et_pb_column][et_pb_column type=\u00bb3_5&#8243; _builder_version=\u00bb4.9.4&#8243; _module_preset=\u00bbdefault\u00bb][et_pb_contact_form email=\u00bbreparaciones@servicio-tecnico-autorizado.pro\u00bb custom_message=\u00bbBuenos d\u00edas, le informo que quiero abrir una incidencia sobre un\/a %%electrodomestico%%. El problema que tiene es %%message%%.||et_pb_line_break_holder||||et_pb_line_break_holder||Mi nombre es %%Name%% y pueden contactarme por correo al  %%Email%% o por  tel\u00e9fono en el  %%Phone%%.||et_pb_line_break_holder||||et_pb_line_break_holder||Gracias\u00bb success_message=\u00bbGracias por contactar con Servicio T\u00e9cnico Autorizado. En breve uno de nuestros especialistas contactar\u00e1 con usted.\u00bb submit_button_text=\u00bbEnviar\u00bb _builder_version=\u00bb4.9.4&#8243; _module_preset=\u00bbdefault\u00bb title_level=\u00bbh2&#8243; title_font=\u00bbCandal||||||||\u00bb form_field_font=\u00bbCairo||||||||\u00bb form_field_font_size=\u00bb18px\u00bb custom_margin=\u00bb|5px||30px|false|false\u00bb custom_margin_tablet=\u00bb|||8px|false|false\u00bb custom_margin_phone=\u00bb\u00bb custom_margin_last_edited=\u00bbon|tablet\u00bb box_shadow_style=\u00bbpreset1&#8243; use_redirect=\u00bbon\u00bb redirect_url=\u00bbhttps:\/\/servicio-tecnico-autorizado.pro\/tarragona\/servicio-tecnico-autorizado-gracias\/\u00bb][et_pb_contact_field field_id=\u00bbName\u00bb field_title=\u00bbNombre\u00bb fullwidth_field=\u00bbon\u00bb _builder_version=\u00bb4.9.4&#8243; button_text_size__hover_enabled=\u00bboff\u00bb button_one_text_size__hover_enabled=\u00bboff\u00bb button_two_text_size__hover_enabled=\u00bboff\u00bb button_text_color__hover_enabled=\u00bboff\u00bb button_one_text_color__hover_enabled=\u00bboff\u00bb button_two_text_color__hover_enabled=\u00bboff\u00bb button_border_width__hover_enabled=\u00bboff\u00bb button_one_border_width__hover_enabled=\u00bboff\u00bb button_two_border_width__hover_enabled=\u00bboff\u00bb button_border_color__hover_enabled=\u00bboff\u00bb button_one_border_color__hover_enabled=\u00bboff\u00bb button_two_border_color__hover_enabled=\u00bboff\u00bb button_border_radius__hover_enabled=\u00bboff\u00bb button_one_border_radius__hover_enabled=\u00bboff\u00bb button_two_border_radius__hover_enabled=\u00bboff\u00bb button_letter_spacing__hover_enabled=\u00bboff\u00bb button_one_letter_spacing__hover_enabled=\u00bboff\u00bb button_two_letter_spacing__hover_enabled=\u00bboff\u00bb button_bg_color__hover_enabled=\u00bboff\u00bb button_one_bg_color__hover_enabled=\u00bboff\u00bb button_two_bg_color__hover_enabled=\u00bboff\u00bb][\/et_pb_contact_field][et_pb_contact_field field_id=\u00bbPhone\u00bb field_title=\u00bbTel\u00e9fono\u00bb _builder_version=\u00bb4.9.4&#8243; button_text_size__hover_enabled=\u00bboff\u00bb button_one_text_size__hover_enabled=\u00bboff\u00bb button_two_text_size__hover_enabled=\u00bboff\u00bb button_text_color__hover_enabled=\u00bboff\u00bb button_one_text_color__hover_enabled=\u00bboff\u00bb button_two_text_color__hover_enabled=\u00bboff\u00bb button_border_width__hover_enabled=\u00bboff\u00bb button_one_border_width__hover_enabled=\u00bboff\u00bb button_two_border_width__hover_enabled=\u00bboff\u00bb button_border_color__hover_enabled=\u00bboff\u00bb button_one_border_color__hover_enabled=\u00bboff\u00bb button_two_border_color__hover_enabled=\u00bboff\u00bb button_border_radius__hover_enabled=\u00bboff\u00bb button_one_border_radius__hover_enabled=\u00bboff\u00bb button_two_border_radius__hover_enabled=\u00bboff\u00bb button_letter_spacing__hover_enabled=\u00bboff\u00bb button_one_letter_spacing__hover_enabled=\u00bboff\u00bb button_two_letter_spacing__hover_enabled=\u00bboff\u00bb button_bg_color__hover_enabled=\u00bboff\u00bb button_one_bg_color__hover_enabled=\u00bboff\u00bb button_two_bg_color__hover_enabled=\u00bboff\u00bb][\/et_pb_contact_field][et_pb_contact_field field_id=\u00bbEmail\u00bb field_title=\u00bbDirecci\u00f3n de correo electr\u00f3nico\u00bb field_type=\u00bbemail\u00bb _builder_version=\u00bb3.16&#8243; button_text_size__hover_enabled=\u00bboff\u00bb button_one_text_size__hover_enabled=\u00bboff\u00bb button_two_text_size__hover_enabled=\u00bboff\u00bb button_text_color__hover_enabled=\u00bboff\u00bb button_one_text_color__hover_enabled=\u00bboff\u00bb button_two_text_color__hover_enabled=\u00bboff\u00bb button_border_width__hover_enabled=\u00bboff\u00bb button_one_border_width__hover_enabled=\u00bboff\u00bb button_two_border_width__hover_enabled=\u00bboff\u00bb button_border_color__hover_enabled=\u00bboff\u00bb button_one_border_color__hover_enabled=\u00bboff\u00bb button_two_border_color__hover_enabled=\u00bboff\u00bb button_border_radius__hover_enabled=\u00bboff\u00bb button_one_border_radius__hover_enabled=\u00bboff\u00bb button_two_border_radius__hover_enabled=\u00bboff\u00bb button_letter_spacing__hover_enabled=\u00bboff\u00bb button_one_letter_spacing__hover_enabled=\u00bboff\u00bb button_two_letter_spacing__hover_enabled=\u00bboff\u00bb button_bg_color__hover_enabled=\u00bboff\u00bb button_one_bg_color__hover_enabled=\u00bboff\u00bb button_two_bg_color__hover_enabled=\u00bboff\u00bb][\/et_pb_contact_field][et_pb_contact_field field_id=\u00bbelectrodomestico\u00bb field_title=\u00bbElectrodom\u00e9stico\u00bb field_type=\u00bbselect\u00bb select_options=\u00bb%91{%22value%22:%22Calentador%22,%22checked%22:0,%22dragID%22:-1},{%22dragID%22:0,%22value%22:%22Caldera%22,%22checked%22:0},{%22dragID%22:1,%22value%22:%22Lavadora%22,%22checked%22:0},{%22dragID%22:2,%22value%22:%22Lavavajillas%22,%22checked%22:0},{%22dragID%22:3,%22value%22:%22Arc\u00f3n%22,%22checked%22:0},{%22dragID%22:4,%22value%22:%22Secadora%22,%22checked%22:0},{%22value%22:%22Nevera%22,%22checked%22:0,%22dragID%22:5},{%22dragID%22:6,%22value%22:%22Vitrocer\u00e1mica%22,%22checked%22:0},{%22dragID%22:7,%22value%22:%22Horno%22,%22checked%22:0},{%22dragID%22:8,%22value%22:%22Campana extractora%22,%22checked%22:0},{%22dragID%22:9,%22value%22:%22Climatizaci\u00f3n%22,%22checked%22:0},{%22dragID%22:10,%22value%22:%22Aire Acondicionado%22,%22checked%22:0},{%22value%22:%22Termo El\u00e9ctrico%22,%22checked%22:0,%22dragID%22:11}%93&#8243; fullwidth_field=\u00bbon\u00bb _builder_version=\u00bb4.9.4&#8243; _module_preset=\u00bbdefault\u00bb][\/et_pb_contact_field][et_pb_contact_field field_id=\u00bbMessage\u00bb field_title=\u00bbMensaje\u00bb field_type=\u00bbtext\u00bb fullwidth_field=\u00bbon\u00bb _builder_version=\u00bb3.16&#8243; button_text_size__hover_enabled=\u00bboff\u00bb button_one_text_size__hover_enabled=\u00bboff\u00bb button_two_text_size__hover_enabled=\u00bboff\u00bb button_text_color__hover_enabled=\u00bboff\u00bb button_one_text_color__hover_enabled=\u00bboff\u00bb button_two_text_color__hover_enabled=\u00bboff\u00bb button_border_width__hover_enabled=\u00bboff\u00bb button_one_border_width__hover_enabled=\u00bboff\u00bb button_two_border_width__hover_enabled=\u00bboff\u00bb button_border_color__hover_enabled=\u00bboff\u00bb button_one_border_color__hover_enabled=\u00bboff\u00bb button_two_border_color__hover_enabled=\u00bboff\u00bb button_border_radius__hover_enabled=\u00bboff\u00bb button_one_border_radius__hover_enabled=\u00bboff\u00bb button_two_border_radius__hover_enabled=\u00bboff\u00bb button_letter_spacing__hover_enabled=\u00bboff\u00bb button_one_letter_spacing__hover_enabled=\u00bboff\u00bb button_two_letter_spacing__hover_enabled=\u00bboff\u00bb button_bg_color__hover_enabled=\u00bboff\u00bb button_one_bg_color__hover_enabled=\u00bboff\u00bb button_two_bg_color__hover_enabled=\u00bboff\u00bb][\/et_pb_contact_field][\/et_pb_contact_form][\/et_pb_column][\/et_pb_row][\/et_pb_section]<\/p>\n","protected":false},"excerpt":{"rendered":"<p>Servicio T\u00e9cnico Autorizado TarragonaGARANT\u00cdA EN NUESTRAS REPARACIONES Todas nuestras reparaciones est\u00e1n garantizadas.DESPLAZAMIENTO GRATUITO No se cobrar\u00e1 desplazamiento siempre y cuando el cliente acepte el presupuesto.PIEZAS 100% ORIGINALES Todas nuestras piezas son 100% originales del fabricante, con su sello de verificaci\u00f3n.CITA EN EL MISMO D\u00cdA Se le ofrece al cliente una cita inmediata con el t\u00e9cnico.SERVICIO [&hellip;]<\/p>\n","protected":false},"author":1,"featured_media":0,"parent":0,"menu_order":0,"comment_status":"closed","ping_status":"closed","template":"","meta":{"_et_pb_use_builder":"on","_et_pb_old_content":"","_et_gb_content_width":"","footnotes":""},"class_list":["post-41","page","type-page","status-publish","hentry"],"_links":{"self":[{"href":"https:\/\/servicio-tecnico-autorizado.pro\/tarragona\/wp-json\/wp\/v2\/pages\/41","targetHints":{"allow":["GET"]}}],"collection":[{"href":"https:\/\/servicio-tecnico-autorizado.pro\/tarragona\/wp-json\/wp\/v2\/pages"}],"about":[{"href":"https:\/\/servicio-tecnico-autorizado.pro\/tarragona\/wp-json\/wp\/v2\/types\/page"}],"author":[{"embeddable":true,"href":"https:\/\/servicio-tecnico-autorizado.pro\/tarragona\/wp-json\/wp\/v2\/users\/1"}],"replies":[{"embeddable":true,"href":"https:\/\/servicio-tecnico-autorizado.pro\/tarragona\/wp-json\/wp\/v2\/comments?post=41"}],"version-history":[{"count":29,"href":"https:\/\/servicio-tecnico-autorizado.pro\/tarragona\/wp-json\/wp\/v2\/pages\/41\/revisions"}],"predecessor-version":[{"id":491,"href":"https:\/\/servicio-tecnico-autorizado.pro\/tarragona\/wp-json\/wp\/v2\/pages\/41\/revisions\/491"}],"wp:attachment":[{"href":"https:\/\/servicio-tecnico-autorizado.pro\/tarragona\/wp-json\/wp\/v2\/media?parent=41"}],"curies":[{"name":"wp","href":"https:\/\/api.w.org\/{rel}","templated":true}]}}