{"id":168,"date":"2021-04-25T16:11:53","date_gmt":"2021-04-25T14:11:53","guid":{"rendered":"https:\/\/servicio-tecnico-autorizado.pro\/tarragona\/?page_id=168"},"modified":"2021-04-30T00:14:20","modified_gmt":"2021-04-29T22:14:20","slug":"politicas-de-cookies","status":"publish","type":"page","link":"https:\/\/servicio-tecnico-autorizado.pro\/tarragona\/politicas-de-cookies\/","title":{"rendered":"Pol\u00edticas de cookies"},"content":{"rendered":"<p>[et_pb_section fb_built=\u00bb1&#8243; _builder_version=\u00bb4.9.4&#8243; _module_preset=\u00bbdefault\u00bb][et_pb_row _builder_version=\u00bb4.9.4&#8243; _module_preset=\u00bbdefault\u00bb][et_pb_column type=\u00bb4_4&#8243; _builder_version=\u00bb4.9.4&#8243; _module_preset=\u00bbdefault\u00bb][et_pb_text _builder_version=\u00bb4.9.4&#8243; _module_preset=\u00bbdefault\u00bb hover_enabled=\u00bb0&#8243; sticky_enabled=\u00bb0&#8243;]<\/p>\n<p><span style=\"color: #333333; font-size: 30px;\">Pol\u00edtica de cookies<\/span><\/p>\n<p><span style=\"font-size: 14px;\">Una <\/span><em style=\"font-size: 14px;\">cookie<\/em><span style=\"font-size: 14px;\">\u00a0es un peque\u00f1o fichero de texto que se almacena en su navegador cuando visita casi cualquier p\u00e1gina web. Su utilidad es que la web sea capaz de recordar su visita cuando vuelva a navegar por esa p\u00e1gina. Las\u00a0<\/span><em style=\"font-size: 14px;\">cookies<\/em><span style=\"font-size: 14px;\">\u00a0suelen almacenar informaci\u00f3n de car\u00e1cter t\u00e9cnico, preferencias personales, personalizaci\u00f3n de contenidos, estad\u00edsticas de uso, enlaces a redes sociales, acceso a cuentas de usuario, etc. El objetivo de la\u00a0<\/span><em style=\"font-size: 14px;\">cookie<\/em><span style=\"font-size: 14px;\">\u00a0es adaptar el contenido de la web a su perfil y necesidades, sin\u00a0<\/span><em style=\"font-size: 14px;\">cookies<\/em><span style=\"font-size: 14px;\">\u00a0los servicios ofrecidos por cualquier p\u00e1gina se ver\u00edan mermados notablemente. Si desea consultar m\u00e1s informaci\u00f3n sobre qu\u00e9 son las\u00a0<\/span><em style=\"font-size: 14px;\">cookies<\/em><span style=\"font-size: 14px;\">, qu\u00e9 almacenan, c\u00f3mo eliminarlas, desactivarlas, etc., le rogamos que siga leyendo en la p\u00e1gina inferior.<\/span><\/p>\n<p>&nbsp;<\/p>\n<p>&nbsp;<\/p>\n<p><main id=\"main\" class=\"clearfix \">\u00a0<\/p>\n<p>&nbsp;<\/p>\n<div class=\"fusion-row\">\n<section id=\"content\">\n<div id=\"post-263\" class=\"post-263 page type-page status-publish hentry\">\n<div class=\"post-content\">\n<h2 data-fontsize=\"20\" data-lineheight=\"30px\" class=\"fusion-responsive-typography-calculated\">Cookies utilizadas en este sitio web<\/h2>\n<p>Siguiendo las directrices de la Agencia Espa\u00f1ola de Protecci\u00f3n de Datos procedemos a detallar el uso de\u00a0<em>cookies<\/em>\u00a0que hace esta web con el fin de informarle con la m\u00e1xima exactitud posible.<\/p>\n<p>Este sitio web utiliza las siguientes\u00a0<strong>cookies propias<\/strong>:<\/p>\n<ul>\n<li>Cookies de sesi\u00f3n, para garantizar que los usuarios que escriban comentarios en el blog sean humanos y no aplicaciones automatizadas. De esta forma se combate el\u00a0<em>spam<\/em>.<\/li>\n<\/ul>\n<p>Este sitio web utiliza las siguientes\u00a0<strong>cookies de terceros<\/strong>:<\/p>\n<ul>\n<li>Google Analytics: Almacena\u00a0<em>cookies<\/em>\u00a0para poder elaborar estad\u00edsticas sobre el tr\u00e1fico y volumen de visitas de esta web. Al utilizar este sitio web est\u00e1 consintiendo el tratamiento de informaci\u00f3n acerca de usted por Google. Por tanto, el ejercicio de cualquier derecho en este sentido deber\u00e1 hacerlo comunicando directamente con Google.<\/li>\n<li>Publicidad de Google: Para hacer que la publicidad sea m\u00e1s atractiva para los usuarios y m\u00e1s valiosa para los editores y anunciantes.<\/li>\n<li>Redes sociales: Cada red social utiliza sus propias\u00a0<em>cookies<\/em>\u00a0para que usted pueda pinchar en botones del tipo\u00a0<em>Me gusta<\/em>\u00a0o\u00a0<em>Compartir<\/em>.<\/li>\n<\/ul>\n<h2 data-fontsize=\"20\" data-lineheight=\"30px\" class=\"fusion-responsive-typography-calculated\">Desactivaci\u00f3n o eliminaci\u00f3n de cookies<\/h2>\n<p>En cualquier momento podr\u00e1 ejercer su derecho de desactivaci\u00f3n o eliminaci\u00f3n de cookies de este sitio web. Estas acciones se realizan de forma diferente en funci\u00f3n del navegador que est\u00e9 usando. Puede verlo en la parte inferior de este mismo documento.<a href=\"http:\/\/https\/\/servicio-tecnico-tarragona.tech\/#navegadores\"><\/a><\/p>\n<p>Tambi\u00e9n puede dirigirse\u00a0a los\u00a0<a href=\"https:\/\/tools.google.com\/dlpage\/gaoptout\/\" target=\"_blank\" rel=\"noopener noreferrer\">medios de inhabilitaci\u00f3n disponibles actualmente<\/a>\u00a0de Google Analytics para la Web.<\/p>\n<h2 data-fontsize=\"20\" data-lineheight=\"30px\" class=\"fusion-responsive-typography-calculated\"><\/h2>\n<h2 data-fontsize=\"20\" data-lineheight=\"30px\" class=\"fusion-responsive-typography-calculated\"><\/h2>\n<h2 data-fontsize=\"20\" data-lineheight=\"30px\" class=\"fusion-responsive-typography-calculated\">Notas adicionales<\/h2>\n<ul>\n<li>Ni esta web ni sus representantes legales se hacen responsables ni del contenido ni de la veracidad de las pol\u00edticas de privacidad que puedan tener los terceros mencionados en esta pol\u00edtica de\u00a0<em>cookies<\/em>.<\/li>\n<li>Los navegadores web son las herramientas encargadas de almacenar las\u00a0<em>cookies<\/em>\u00a0y desde este lugar debe efectuar su derecho a eliminaci\u00f3n o desactivaci\u00f3n de las mismas. Ni esta web ni sus representantes legales pueden garantizar la correcta o incorrecta manipulaci\u00f3n de las\u00a0<em>cookies <\/em>por parte de los mencionados navegadores.<\/li>\n<li>En algunos casos es necesario instalar\u00a0<em>cookies<\/em>\u00a0para que el navegador no olvide su decisi\u00f3n de no aceptaci\u00f3n de las mismas.<\/li>\n<li>En el caso de las\u00a0<em>cookies<\/em>\u00a0de Google Analytics, esta empresa almacena las\u00a0<em>cookies<\/em>\u00a0en servidores ubicados en Estados Unidos y se compromete a no compartirla con terceros, excepto en los casos en los que sea necesario para el funcionamiento del sistema o cuando la ley obligue a tal efecto. Seg\u00fan Google no guarda su direcci\u00f3n IP. Google Inc. es una compa\u00f1\u00eda adherida al Acuerdo de Puerto Seguro que garantiza que todos los datos transferidos ser\u00e1n tratados con un nivel de protecci\u00f3n acorde a la normativa europea. Puede consultar informaci\u00f3n detallada a este respecto\u00a0<a href=\"http:\/\/safeharbor.export.gov\/companyinfo.aspx?id=16626\" target=\"_blank\" rel=\"noopener noreferrer\">en este enlace<\/a>. Si desea informaci\u00f3n sobre el uso que Google da a las cookies\u00a0<a href=\"https:\/\/developers.google.com\/analytics\/devguides\/collection\/analyticsjs\/cookie-usage?hl=es&amp;csw=1\" target=\"_blank\" rel=\"noopener noreferrer\">le adjuntamos este otro enlace<\/a>.<\/li>\n<li>Para cualquier duda o consulta acerca de esta pol\u00edtica de\u00a0<em>cookies<\/em> no dude en comunicarse con nosotros a trav\u00e9s de la secci\u00f3n de contacto.<\/li>\n<\/ul>\n<\/div>\n<\/div>\n<\/section>\n<\/div>\n<p><\/main><\/p>\n<p>[\/et_pb_text][\/et_pb_column][\/et_pb_row][et_pb_row _builder_version=\u00bb4.9.4&#8243; _module_preset=\u00bbdefault\u00bb][et_pb_column type=\u00bb4_4&#8243; _builder_version=\u00bb4.9.4&#8243; _module_preset=\u00bbdefault\u00bb][et_pb_text _builder_version=\u00bb4.9.4&#8243; _module_preset=\u00bbdefault\u00bb]<\/p>\n<h1 data-fontsize=\"34\" data-lineheight=\"47.6px\" class=\"fusion-responsive-typography-calculated\">M\u00e1s informaci\u00f3n sobre las cookies<\/h1>\n<h2 data-fontsize=\"18\" data-lineheight=\"27px\" class=\"fusion-responsive-typography-calculated\">\u00bfQu\u00e9 es una cookie?<\/h2>\n<p>Una<span>\u00a0<\/span><em>cookie<\/em><span>\u00a0<\/span>es un fichero de texto<span>\u00a0<\/span><b>inofensivo<\/b><span>\u00a0<\/span>que se almacena en su navegador cuando visita casi cualquier p\u00e1gina web. La utilidad de la<span>\u00a0<\/span><em>cookie<\/em><span>\u00a0<\/span>es que la web sea capaz de recordar su visita cuando vuelva a navegar por esa p\u00e1gina. Aunque mucha gente no lo sabe las<span>\u00a0<\/span><em>cookies<\/em><span>\u00a0<\/span>se llevan utilizando desde hace 20 a\u00f1os, cuando aparecieron los primeros navegadores para la World Wide Web.<\/p>\n<h2 data-fontsize=\"18\" data-lineheight=\"27px\" class=\"fusion-responsive-typography-calculated\">\u00bfQu\u00e9 NO ES una cookie?<\/h2>\n<p>No es un virus, ni un troyano, ni un gusano, ni spam, ni spyware, ni abre ventanas pop-up.<\/p>\n<h2 data-fontsize=\"18\" data-lineheight=\"27px\" class=\"fusion-responsive-typography-calculated\">\u00bfQu\u00e9 informaci\u00f3n almacena una<span>\u00a0<\/span><em>cookie<\/em>?<\/h2>\n<p>Las<span>\u00a0<\/span><em>cookies<\/em><span>\u00a0<\/span>no suelen almacenar informaci\u00f3n sensible sobre usted, como tarjetas de cr\u00e9dito o datos bancarios, fotograf\u00edas, su DNI o informaci\u00f3n personal, etc. Los datos que guardan son de car\u00e1cter t\u00e9cnico, preferencias personales, personalizaci\u00f3n de contenidos, etc.<\/p>\n<p>El servidor web no le asocia a usted como persona si no a su navegador web. De hecho, si usted navega habitualmente con Internet Explorer y prueba a navegar por la misma web con Firefox o Chrome ver\u00e1 que la web no se da cuenta que es usted la misma persona porque en realidad est\u00e1 asociando al navegador, no a la persona.<\/p>\n<h2 data-fontsize=\"18\" data-lineheight=\"27px\" class=\"fusion-responsive-typography-calculated\">\u00bfQu\u00e9 tipo de<span>\u00a0<\/span><em>cookies<\/em><span>\u00a0<\/span>existen?<\/h2>\n<ul>\n<li><em>Cookies<\/em><span>\u00a0<\/span>t\u00e9cnicas: Son las m\u00e1s elementales y permiten, entre otras cosas, saber cu\u00e1ndo est\u00e1 navegando un humano o una aplicaci\u00f3n automatizada, cu\u00e1ndo navega un usuario an\u00f3nimo y uno registrado, tareas b\u00e1sicas para el funcionamiento de cualquier web din\u00e1mica.<\/li>\n<li><em>Cookies<\/em><span>\u00a0<\/span>de an\u00e1lisis: Recogen informaci\u00f3n sobre el tipo de navegaci\u00f3n que est\u00e1 realizando, las secciones que m\u00e1s utiliza, productos consultados, franja horaria de uso, idioma, etc.<\/li>\n<li><em>Cookies<\/em><span>\u00a0<\/span>publicitarias: Muestran publicidad en funci\u00f3n de su navegaci\u00f3n, su pa\u00eds de procedencia, idioma, etc.<\/li>\n<\/ul>\n<h2 data-fontsize=\"18\" data-lineheight=\"27px\" class=\"fusion-responsive-typography-calculated\">\u00bfQu\u00e9 son las<span>\u00a0<\/span><em>cookies<\/em><span>\u00a0<\/span>propias y las de terceros?<\/h2>\n<p>Las<span>\u00a0<\/span><em>cookies propias<\/em><span>\u00a0<\/span>son las generadas por la p\u00e1gina que est\u00e1 visitando y las<span>\u00a0<\/span><em>de terceros<\/em><span>\u00a0<\/span>son las generadas por servicios o proveedores externos como Facebook, Twitter, Google, etc.<\/p>\n<h2 data-fontsize=\"18\" data-lineheight=\"27px\" class=\"fusion-responsive-typography-calculated\">\u00bfQu\u00e9 ocurre si desactivo las<span>\u00a0<\/span><em>cookies<\/em>?<\/h2>\n<p>Para que entienda el alcance que puede tener desactivar las<span>\u00a0<\/span><em>cookies<\/em><span>\u00a0<\/span>le mostramos unos ejemplos:<\/p>\n<ul>\n<li>No podr\u00e1 compartir contenidos de esa web en Facebook, Twitter o cualquier otra red social.<\/li>\n<li>El sitio web no podr\u00e1 adaptar los contenidos a sus preferencias personales, como suele ocurrir en las tiendas online.<\/li>\n<li>No podr\u00e1 acceder al \u00e1rea personal de esa web, como por ejemplo<span>\u00a0<\/span><em>Mi cuenta<\/em>, o<span>\u00a0<\/span><em>Mi perfil<\/em><span>\u00a0<\/span>o<span>\u00a0<\/span><em>Mis pedidos<\/em>.<\/li>\n<li>Tiendas online: Le ser\u00e1 imposible realizar compras online, tendr\u00e1n que ser telef\u00f3nicas o visitando la tienda f\u00edsica si es que dispone de ella.<\/li>\n<li>No ser\u00e1 posible personalizar sus preferencias geogr\u00e1ficas como franja horaria, divisa o idioma.<\/li>\n<li>El sitio web no podr\u00e1 realizar anal\u00edticas web sobre visitantes y tr\u00e1fico en la web, lo que dificultar\u00e1 que la web sea competitiva.<\/li>\n<li>No podr\u00e1 escribir en el blog, no podr\u00e1 subir fotos, publicar comentarios, valorar o puntuar contenidos. La web tampoco podr\u00e1 saber si usted es un humano o una aplicaci\u00f3n automatizada que publica<span>\u00a0<\/span><em>spam<\/em>.<\/li>\n<li>No se podr\u00e1 mostrar publicidad sectorizada, lo que reducir\u00e1 los ingresos publicitarios de la web.<\/li>\n<li>Todas las redes sociales usan<span>\u00a0<\/span><em>cookies<\/em>, si las desactiva no podr\u00e1 utilizar ninguna red social.<\/li>\n<\/ul>\n<h2 data-fontsize=\"18\" data-lineheight=\"27px\" class=\"fusion-responsive-typography-calculated\">\u00bfSe pueden eliminar las<span>\u00a0<\/span><em>cookies<\/em>?<\/h2>\n<p>S\u00ed. No s\u00f3lo eliminar, tambi\u00e9n bloquear, de forma general o particular para un dominio espec\u00edfico.<\/p>\n<p>Para eliminar las<span>\u00a0<\/span><em>cookies<\/em><span>\u00a0<\/span>de un sitio web debe ir a la configuraci\u00f3n de su navegador y all\u00ed podr\u00e1 buscar las asociadas al dominio en cuesti\u00f3n y proceder a su eliminaci\u00f3n.<\/p>\n<h2 id=\"navegadores\" data-fontsize=\"18\" data-lineheight=\"27px\" class=\"fusion-responsive-typography-calculated\">Configuraci\u00f3n de<span>\u00a0<\/span><em>cookies<\/em><span>\u00a0<\/span>para los navegadores m\u00e1s polulares<\/h2>\n<p>A continuaci\u00f3n le indicamos c\u00f3mo acceder a una<span>\u00a0<\/span><em>cookie<\/em><span>\u00a0<\/span>determinada del navegador<span>\u00a0<\/span><b>Chrome<\/b>. Nota: estos pasos pueden variar en funci\u00f3n de la versi\u00f3n del navegador:<\/p>\n<ol>\n<li>Vaya a Configuraci\u00f3n o Preferencias mediante el men\u00fa Archivo o bien pinchando el icono de personalizaci\u00f3n que aparece arriba a la derecha.<\/li>\n<li>Ver\u00e1 diferentes secciones, pinche la opci\u00f3n<span>\u00a0<\/span><em>Mostrar opciones avanzadas<\/em>.<\/li>\n<li>Vaya a<span>\u00a0<\/span><em>Privacidad<\/em>,<span>\u00a0<\/span><em>Configuraci\u00f3n de contenido<\/em>.<\/li>\n<li>Seleccione<span>\u00a0<\/span><em>Todas las cookies y los datos de sitios<\/em>.<\/li>\n<li>Aparecer\u00e1 un listado con todas las<span>\u00a0<\/span><em>cookies<\/em><span>\u00a0<\/span>ordenadas por dominio. Para que le sea m\u00e1s f\u00e1cil encontrar las<span>\u00a0<\/span><em>cookies<\/em><span>\u00a0<\/span>de un determinado dominio introduzca parcial o totalmente la direcci\u00f3n en el campo<span>\u00a0<\/span><em>Buscar cookies<\/em>.<\/li>\n<li>Tras realizar este filtro aparecer\u00e1n en pantalla una o varias l\u00edneas con las<span>\u00a0<\/span><em>cookies<\/em><span>\u00a0<\/span>de la web solicitada. Ahora s\u00f3lo tiene que seleccionarla y pulsar la<span>\u00a0<\/span><em>X<\/em><span>\u00a0<\/span>para proceder a su eliminaci\u00f3n.<\/li>\n<\/ol>\n<p>Para acceder a la configuraci\u00f3n de<span>\u00a0<\/span><em>cookies<\/em><span>\u00a0<\/span>del navegador<span>\u00a0<\/span><b>Internet Explorer<\/b><span>\u00a0<\/span>siga estos pasos (pueden variar en funci\u00f3n de la versi\u00f3n del navegador):<\/p>\n<ol>\n<li>Vaya a<span>\u00a0<\/span><em>Herramientas<\/em>,<span>\u00a0<\/span><em>Opciones de Internet<\/em><\/li>\n<li>Haga click en<span>\u00a0<\/span><em>Privacidad<\/em>.<\/li>\n<li>Mueva el deslizador hasta ajustar el nivel de privacidad que desee.<\/li>\n<\/ol>\n<p>Para acceder a la configuraci\u00f3n de<span>\u00a0<\/span><em>cookies<\/em><span>\u00a0<\/span>del navegador<span>\u00a0<\/span><b>Firefox<\/b><span>\u00a0<\/span>siga estos pasos (pueden variar en funci\u00f3n de la versi\u00f3n del navegador):<\/p>\n<ol>\n<li>Vaya a<span>\u00a0<\/span><em>Opciones<\/em><span>\u00a0<\/span>o<span>\u00a0<\/span><em>Preferencias<\/em><span>\u00a0<\/span>seg\u00fan su sistema operativo.<\/li>\n<li>Haga click en<span>\u00a0<\/span><em>Privacidad<\/em>.<\/li>\n<li>En<span>\u00a0<\/span><em>Historial<\/em><span>\u00a0<\/span>elija<span>\u00a0<\/span><em>Usar una configuraci\u00f3n personalizada para el historial<\/em>.<\/li>\n<li>Ahora ver\u00e1 la opci\u00f3n<span>\u00a0<\/span><em>Aceptar cookies<\/em>, puede activarla o desactivarla seg\u00fan sus preferencias.<\/li>\n<\/ol>\n<p>Para acceder a la configuraci\u00f3n de<span>\u00a0<\/span><em>cookies<\/em><span>\u00a0<\/span>del navegador<span>\u00a0<\/span><b>Safari para OSX<\/b><span>\u00a0<\/span>siga estos pasos (pueden variar en funci\u00f3n de la versi\u00f3n del navegador):<\/p>\n<ol>\n<li>Vaya a<span>\u00a0<\/span><em>Preferencias<\/em>, luego<span>\u00a0<\/span><em>Privacidad<\/em>.<\/li>\n<li>En este lugar ver\u00e1 la opci\u00f3n<span>\u00a0<\/span><em>Bloquear cookies<\/em><span>\u00a0<\/span>para que ajuste el tipo de bloqueo que desea realizar.<\/li>\n<\/ol>\n<p>Para acceder a la configuraci\u00f3n de<span>\u00a0<\/span><em>cookies<\/em><span>\u00a0<\/span>del navegador<span>\u00a0<\/span><b>Safari para iOS<\/b><span>\u00a0<\/span>siga estos pasos (pueden variar en funci\u00f3n de la versi\u00f3n del navegador):<\/p>\n<ol>\n<li>Vaya a<span>\u00a0<\/span><em>Ajustes<\/em>, luego<span>\u00a0<\/span><em>Safari<\/em>.<\/li>\n<li>Vaya a<span>\u00a0<\/span><em>Privacidad y Seguridad<\/em>, ver\u00e1 la opci\u00f3n<span>\u00a0<\/span><em>Bloquear cookies<\/em><span>\u00a0<\/span>para que ajuste el tipo de bloqueo que desea realizar.<\/li>\n<\/ol>\n<p>Para acceder a la configuraci\u00f3n de<span>\u00a0<\/span><em>cookies<\/em><span>\u00a0<\/span>del navegador para dispositivos<span>\u00a0<\/span><b>Android<\/b><span>\u00a0<\/span>siga estos pasos (pueden variar en funci\u00f3n de la versi\u00f3n del navegador):<\/p>\n<ol>\n<li>Ejecute el navegador y pulse la tecla<span>\u00a0<\/span><em>Men\u00fa<\/em>, luego<span>\u00a0<\/span><em>Ajustes<\/em>.<\/li>\n<li>Vaya a<span>\u00a0<\/span><em>Seguridad y Privacidad<\/em>, ver\u00e1 la opci\u00f3n<span>\u00a0<\/span><em>Aceptar cookies<\/em><span>\u00a0<\/span>para que active o desactive la casilla.<\/li>\n<\/ol>\n<p>Para acceder a la configuraci\u00f3n de<span>\u00a0<\/span><em>cookies<\/em><span>\u00a0<\/span>del navegador para dispositivos<span>\u00a0<\/span><b>Windows Phone<\/b><span>\u00a0<\/span>siga estos pasos (pueden variar en funci\u00f3n de la versi\u00f3n del navegador):<\/p>\n<ol>\n<li>Abra<span>\u00a0<\/span><em>Internet Explorer<\/em>, luego<span>\u00a0<\/span><em>M\u00e1s<\/em>, luego<span>\u00a0<\/span><em>Configuraci\u00f3n<\/em><\/li>\n<li>Ahora puede activar o desactivar la casilla<span>\u00a0<\/span><em>Permitir cookies<\/em>.<\/li>\n<\/ol>\n<p>[\/et_pb_text][\/et_pb_column][\/et_pb_row][\/et_pb_section]<\/p>\n","protected":false},"excerpt":{"rendered":"<p>Pol\u00edtica de cookies Una cookie\u00a0es un peque\u00f1o fichero de texto que se almacena en su navegador cuando visita casi cualquier p\u00e1gina web. Su utilidad es que la web sea capaz de recordar su visita cuando vuelva a navegar por esa p\u00e1gina. Las\u00a0cookies\u00a0suelen almacenar informaci\u00f3n de car\u00e1cter t\u00e9cnico, preferencias personales, personalizaci\u00f3n de contenidos, estad\u00edsticas de uso, [&hellip;]<\/p>\n","protected":false},"author":1,"featured_media":0,"parent":0,"menu_order":0,"comment_status":"closed","ping_status":"closed","template":"page-template-blank.php","meta":{"_et_pb_use_builder":"on","_et_pb_old_content":"<!-- wp:divi\/placeholder \/-->","_et_gb_content_width":"","footnotes":""},"class_list":["post-168","page","type-page","status-publish","hentry"],"_links":{"self":[{"href":"https:\/\/servicio-tecnico-autorizado.pro\/tarragona\/wp-json\/wp\/v2\/pages\/168","targetHints":{"allow":["GET"]}}],"collection":[{"href":"https:\/\/servicio-tecnico-autorizado.pro\/tarragona\/wp-json\/wp\/v2\/pages"}],"about":[{"href":"https:\/\/servicio-tecnico-autorizado.pro\/tarragona\/wp-json\/wp\/v2\/types\/page"}],"author":[{"embeddable":true,"href":"https:\/\/servicio-tecnico-autorizado.pro\/tarragona\/wp-json\/wp\/v2\/users\/1"}],"replies":[{"embeddable":true,"href":"https:\/\/servicio-tecnico-autorizado.pro\/tarragona\/wp-json\/wp\/v2\/comments?post=168"}],"version-history":[{"count":8,"href":"https:\/\/servicio-tecnico-autorizado.pro\/tarragona\/wp-json\/wp\/v2\/pages\/168\/revisions"}],"predecessor-version":[{"id":444,"href":"https:\/\/servicio-tecnico-autorizado.pro\/tarragona\/wp-json\/wp\/v2\/pages\/168\/revisions\/444"}],"wp:attachment":[{"href":"https:\/\/servicio-tecnico-autorizado.pro\/tarragona\/wp-json\/wp\/v2\/media?parent=168"}],"curies":[{"name":"wp","href":"https:\/\/api.w.org\/{rel}","templated":true}]}}